{"id":20,"date":"2022-08-24T09:01:51","date_gmt":"2022-08-24T09:01:51","guid":{"rendered":"https:\/\/www.uplegal.it\/?page_id=20"},"modified":"2022-10-11T08:32:46","modified_gmt":"2022-10-11T08:32:46","slug":"home","status":"publish","type":"page","link":"https:\/\/www.uplegal.it\/","title":{"rendered":"HOME"},"content":{"rendered":"[vc_row fullwidth=&#8221;true&#8221;][vc_column][mk_edge_slider first_el=&#8221;true&#8221; swiper_bg=&#8221;&#8221; full_height=&#8221;false&#8221; height=&#8221;585&#8243; slideshow_speed=&#8221;9990000&#8243; direction_nav=&#8221;none&#8221; pagination=&#8221;none&#8221;][\/vc_column][\/vc_row][vc_row][vc_column][mk_padding_divider][\/vc_column][\/vc_row][vc_row][vc_column width=&#8221;1\/2&#8243;][mk_fancy_title color=&#8221;#012853&#8243; size=&#8221;33&#8243; font_weight=&#8221;400&#8243; margin_top=&#8221;58&#8243; font_family=&#8221;none&#8221; align=&#8221;center&#8221;]&#8221;La qualit\u00e0 \u00e8 in diretta proporzione all\u2019impegno ad eccellere&#8221;[\/mk_fancy_title][\/vc_column][vc_column width=&#8221;1\/2&#8243;][mk_padding_divider size=&#8221;58&#8243;][vc_column_text css=&#8221;.vc_custom_1663077924844{margin-bottom: 0px !important;}&#8221;]Al concetto di massivo si associa l\u2019idea di una qualit\u00e0 media dei servizi legali.<br \/>\nLa nostra mission \u00e8 quella di garantire assistenza personalizzata ed elevata qualit\u00e0 a Clienti specializzati in un settore in cui i volumi sono determinanti.[\/vc_column_text][\/vc_column][\/vc_row][vc_row][vc_column][mk_padding_divider][\/vc_column][\/vc_row][vc_row][vc_column][mk_button dimension=&#8221;flat&#8221; corner_style=&#8221;rounded&#8221; size=&#8221;large&#8221; letter_spacing=&#8221;1&#8243; url=&#8221;https:\/\/www.uplegal.it\/index.php\/i-professionisti\/&#8221; align=&#8221;center&#8221; bg_color=&#8221;#012853&#8243; btn_hover_bg=&#8221;#e5e5e5&#8243; btn_hover_txt_color=&#8221;#0a0a0a&#8221;]I PROFESSIONISTI[\/mk_button][\/vc_column][\/vc_row][vc_row][vc_column][mk_padding_divider size=&#8221;83&#8243;][\/vc_column][\/vc_row][vc_row fullwidth=&#8221;true&#8221; css=&#8221;.vc_custom_1663078957844{margin-right: 222px !important;margin-left: 222px !important;border-right-width: 222px !important;border-left-width: 222px !important;padding-right: 222px !important;padding-left: 222px !important;}&#8221;][vc_column width=&#8221;1\/3&#8243;][vc_cta h2=&#8221;Gestione giudiziale NPL&#8221; h2_font_container=&#8221;tag:h2|font_size:19|text_align:center&#8221; h2_use_theme_fonts=&#8221;yes&#8221; txt_align=&#8221;center&#8221; use_custom_fonts_h2=&#8221;true&#8221;][\/vc_cta][\/vc_column][vc_column width=&#8221;1\/3&#8243;][vc_cta h2=&#8221;Asset management NPL\/UTP&#8221; h2_font_container=&#8221;tag:h2|font_size:19|text_align:center&#8221; h2_use_theme_fonts=&#8221;yes&#8221; txt_align=&#8221;center&#8221; use_custom_fonts_h2=&#8221;true&#8221;][\/vc_cta][\/vc_column][vc_column width=&#8221;1\/3&#8243;][vc_cta h2=&#8221;Data remediation NPL ED UTP&#8221; h2_font_container=&#8221;tag:h2|font_size:19|text_align:center&#8221; h2_use_theme_fonts=&#8221;yes&#8221; txt_align=&#8221;center&#8221; use_custom_fonts_h2=&#8221;true&#8221;][\/vc_cta][\/vc_column][\/vc_row][vc_row fullwidth=&#8221;true&#8221; css=&#8221;.vc_custom_1663079003377{margin-right: 222px !important;margin-left: 222px !important;border-right-width: 222px !important;border-left-width: 222px !important;padding-right: 222px !important;padding-left: 222px !important;}&#8221;][vc_column width=&#8221;1\/2&#8243;][vc_cta h2=&#8221;Turnaround\/UTP&#8221; h2_font_container=&#8221;tag:h2|font_size:19|text_align:center&#8221; h2_use_theme_fonts=&#8221;yes&#8221; txt_align=&#8221;center&#8221; use_custom_fonts_h2=&#8221;true&#8221;][\/vc_cta][\/vc_column][vc_column width=&#8221;1\/2&#8243;][vc_cta h2=&#8221;Gestione del contenzioso immobiliare e del recupero giudiziale di crediti derivanti da contratti di leasing&#8221; h2_font_container=&#8221;tag:h2|font_size:19|text_align:center&#8221; h2_use_theme_fonts=&#8221;yes&#8221; txt_align=&#8221;center&#8221; use_custom_fonts_h2=&#8221;true&#8221;][\/vc_cta][\/vc_column][\/vc_row][vc_row][vc_column][mk_padding_divider size=&#8221;72&#8243;][\/vc_column][\/vc_row]\n","protected":false},"excerpt":{"rendered":"<p>[vc_row fullwidth=&#8221;true&#8221;][vc_column][mk_edge_slider first_el=&#8221;true&#8221; swiper_bg=&#8221;&#8221; full_height=&#8221;false&#8221; height=&#8221;585&#8243; slideshow_speed=&#8221;9990000&#8243; direction_nav=&#8221;none&#8221; pagination=&#8221;none&#8221;][\/vc_column][\/vc_row][vc_row][vc_column][mk_padding_divider][\/vc_column][\/vc_row][vc_row][vc_column width=&#8221;1\/2&#8243;][mk_fancy_title color=&#8221;#012853&#8243; size=&#8221;33&#8243; font_weight=&#8221;400&#8243; margin_top=&#8221;58&#8243; font_family=&#8221;none&#8221; align=&#8221;center&#8221;]&#8221;La qualit\u00e0 \u00e8 in diretta proporzione all\u2019impegno ad eccellere&#8221;[\/mk_fancy_title][\/vc_column][vc_column width=&#8221;1\/2&#8243;][mk_padding_divider size=&#8221;58&#8243;][vc_column_text css=&#8221;.vc_custom_1663077924844{margin-bottom: 0px !important;}&#8221;]Al concetto di massivo si associa l\u2019idea di una qualit\u00e0 media dei servizi legali. La nostra mission \u00e8 quella di garantire assistenza personalizzata ed elevata qualit\u00e0 a [&hellip;]<\/p>\n","protected":false},"author":1,"featured_media":205,"parent":0,"menu_order":0,"comment_status":"closed","ping_status":"closed","template":"","meta":{"footnotes":""},"class_list":["post-20","page","type-page","status-publish","has-post-thumbnail","hentry"],"yoast_head":"<!-- This site is optimized with the Yoast SEO plugin v20.7 - https:\/\/yoast.com\/wordpress\/plugins\/seo\/ -->\n<title>Uplegal | Gestione crediti e credit management<\/title>\n<meta name=\"description\" content=\"Gestione, anche stragiudiziale, del recupero massivo del credito e nel contenzioso immobiliare, bancario e concorsuale.\" \/>\n<meta name=\"robots\" content=\"index, follow, max-snippet:-1, max-image-preview:large, max-video-preview:-1\" \/>\n<link rel=\"canonical\" href=\"https:\/\/www.uplegal.it\/\" \/>\n<meta property=\"og:locale\" content=\"it_IT\" \/>\n<meta property=\"og:type\" content=\"article\" \/>\n<meta property=\"og:title\" content=\"Uplegal | Gestione crediti e credit management\" \/>\n<meta property=\"og:description\" content=\"Gestione, anche stragiudiziale, del recupero massivo del credito e nel contenzioso immobiliare, bancario e concorsuale.\" \/>\n<meta property=\"og:url\" content=\"https:\/\/www.uplegal.it\/\" \/>\n<meta property=\"og:site_name\" content=\"UP LEGAL\" \/>\n<meta property=\"article:modified_time\" content=\"2022-10-11T08:32:46+00:00\" \/>\n<meta property=\"og:image\" content=\"https:\/\/www.uplegal.it\/wp-content\/uploads\/2022\/08\/alessia-cocconi-zliudgekxv0-unsplash.jpg\" \/>\n\t<meta property=\"og:image:width\" content=\"1920\" \/>\n\t<meta property=\"og:image:height\" content=\"1280\" \/>\n\t<meta property=\"og:image:type\" content=\"image\/jpeg\" \/>\n<meta name=\"twitter:card\" content=\"summary_large_image\" \/>\n<meta name=\"twitter:label1\" content=\"Tempo di lettura stimato\" \/>\n\t<meta name=\"twitter:data1\" content=\"1 minuto\" \/>\n<script type=\"application\/ld+json\" class=\"yoast-schema-graph\">{\"@context\":\"https:\/\/schema.org\",\"@graph\":[{\"@type\":\"WebPage\",\"@id\":\"https:\/\/www.uplegal.it\/\",\"url\":\"https:\/\/www.uplegal.it\/\",\"name\":\"Uplegal | Gestione crediti e credit management\",\"isPartOf\":{\"@id\":\"https:\/\/www.uplegal.it\/#website\"},\"datePublished\":\"2022-08-24T09:01:51+00:00\",\"dateModified\":\"2022-10-11T08:32:46+00:00\",\"description\":\"Gestione, anche stragiudiziale, del recupero massivo del credito e nel contenzioso immobiliare, bancario e concorsuale.\",\"breadcrumb\":{\"@id\":\"https:\/\/www.uplegal.it\/#breadcrumb\"},\"inLanguage\":\"it-IT\",\"potentialAction\":[{\"@type\":\"ReadAction\",\"target\":[\"https:\/\/www.uplegal.it\/\"]}]},{\"@type\":\"BreadcrumbList\",\"@id\":\"https:\/\/www.uplegal.it\/#breadcrumb\",\"itemListElement\":[{\"@type\":\"ListItem\",\"position\":1,\"name\":\"Home\",\"item\":\"https:\/\/www.uplegal.it\/\"},{\"@type\":\"ListItem\",\"position\":2,\"name\":\"HOME\"}]},{\"@type\":\"WebSite\",\"@id\":\"https:\/\/www.uplegal.it\/#website\",\"url\":\"https:\/\/www.uplegal.it\/\",\"name\":\"UP LEGAL\",\"description\":\"gestione, anche stragiudiziale, del recupero massivo del credito e nel contenzioso immobiliare, bancario e concorsuale\",\"publisher\":{\"@id\":\"https:\/\/www.uplegal.it\/#organization\"},\"potentialAction\":[{\"@type\":\"SearchAction\",\"target\":{\"@type\":\"EntryPoint\",\"urlTemplate\":\"https:\/\/www.uplegal.it\/?s={search_term_string}\"},\"query-input\":\"required name=search_term_string\"}],\"inLanguage\":\"it-IT\"},{\"@type\":\"Organization\",\"@id\":\"https:\/\/www.uplegal.it\/#organization\",\"name\":\"Uplegal\",\"url\":\"https:\/\/www.uplegal.it\/\",\"logo\":{\"@type\":\"ImageObject\",\"inLanguage\":\"it-IT\",\"@id\":\"https:\/\/www.uplegal.it\/#\/schema\/logo\/image\/\",\"url\":\"https:\/\/www.uplegal.it\/wp-content\/uploads\/2022\/08\/logo-up-legal-sito.png\",\"contentUrl\":\"https:\/\/www.uplegal.it\/wp-content\/uploads\/2022\/08\/logo-up-legal-sito.png\",\"width\":202,\"height\":125,\"caption\":\"Uplegal\"},\"image\":{\"@id\":\"https:\/\/www.uplegal.it\/#\/schema\/logo\/image\/\"}}]}<\/script>\n<!-- \/ Yoast SEO plugin. -->","yoast_head_json":{"title":"Uplegal | Gestione crediti e credit management","description":"Gestione, anche stragiudiziale, del recupero massivo del credito e nel contenzioso immobiliare, bancario e concorsuale.","robots":{"index":"index","follow":"follow","max-snippet":"max-snippet:-1","max-image-preview":"max-image-preview:large","max-video-preview":"max-video-preview:-1"},"canonical":"https:\/\/www.uplegal.it\/","og_locale":"it_IT","og_type":"article","og_title":"Uplegal | Gestione crediti e credit management","og_description":"Gestione, anche stragiudiziale, del recupero massivo del credito e nel contenzioso immobiliare, bancario e concorsuale.","og_url":"https:\/\/www.uplegal.it\/","og_site_name":"UP LEGAL","article_modified_time":"2022-10-11T08:32:46+00:00","og_image":[{"width":1920,"height":1280,"url":"https:\/\/www.uplegal.it\/wp-content\/uploads\/2022\/08\/alessia-cocconi-zliudgekxv0-unsplash.jpg","type":"image\/jpeg"}],"twitter_card":"summary_large_image","twitter_misc":{"Tempo di lettura stimato":"1 minuto"},"schema":{"@context":"https:\/\/schema.org","@graph":[{"@type":"WebPage","@id":"https:\/\/www.uplegal.it\/","url":"https:\/\/www.uplegal.it\/","name":"Uplegal | Gestione crediti e credit management","isPartOf":{"@id":"https:\/\/www.uplegal.it\/#website"},"datePublished":"2022-08-24T09:01:51+00:00","dateModified":"2022-10-11T08:32:46+00:00","description":"Gestione, anche stragiudiziale, del recupero massivo del credito e nel contenzioso immobiliare, bancario e concorsuale.","breadcrumb":{"@id":"https:\/\/www.uplegal.it\/#breadcrumb"},"inLanguage":"it-IT","potentialAction":[{"@type":"ReadAction","target":["https:\/\/www.uplegal.it\/"]}]},{"@type":"BreadcrumbList","@id":"https:\/\/www.uplegal.it\/#breadcrumb","itemListElement":[{"@type":"ListItem","position":1,"name":"Home","item":"https:\/\/www.uplegal.it\/"},{"@type":"ListItem","position":2,"name":"HOME"}]},{"@type":"WebSite","@id":"https:\/\/www.uplegal.it\/#website","url":"https:\/\/www.uplegal.it\/","name":"UP LEGAL","description":"gestione, anche stragiudiziale, del recupero massivo del credito e nel contenzioso immobiliare, bancario e concorsuale","publisher":{"@id":"https:\/\/www.uplegal.it\/#organization"},"potentialAction":[{"@type":"SearchAction","target":{"@type":"EntryPoint","urlTemplate":"https:\/\/www.uplegal.it\/?s={search_term_string}"},"query-input":"required name=search_term_string"}],"inLanguage":"it-IT"},{"@type":"Organization","@id":"https:\/\/www.uplegal.it\/#organization","name":"Uplegal","url":"https:\/\/www.uplegal.it\/","logo":{"@type":"ImageObject","inLanguage":"it-IT","@id":"https:\/\/www.uplegal.it\/#\/schema\/logo\/image\/","url":"https:\/\/www.uplegal.it\/wp-content\/uploads\/2022\/08\/logo-up-legal-sito.png","contentUrl":"https:\/\/www.uplegal.it\/wp-content\/uploads\/2022\/08\/logo-up-legal-sito.png","width":202,"height":125,"caption":"Uplegal"},"image":{"@id":"https:\/\/www.uplegal.it\/#\/schema\/logo\/image\/"}}]}},"_links":{"self":[{"href":"https:\/\/www.uplegal.it\/index.php\/wp-json\/wp\/v2\/pages\/20","targetHints":{"allow":["GET"]}}],"collection":[{"href":"https:\/\/www.uplegal.it\/index.php\/wp-json\/wp\/v2\/pages"}],"about":[{"href":"https:\/\/www.uplegal.it\/index.php\/wp-json\/wp\/v2\/types\/page"}],"author":[{"embeddable":true,"href":"https:\/\/www.uplegal.it\/index.php\/wp-json\/wp\/v2\/users\/1"}],"replies":[{"embeddable":true,"href":"https:\/\/www.uplegal.it\/index.php\/wp-json\/wp\/v2\/comments?post=20"}],"version-history":[{"count":75,"href":"https:\/\/www.uplegal.it\/index.php\/wp-json\/wp\/v2\/pages\/20\/revisions"}],"predecessor-version":[{"id":220,"href":"https:\/\/www.uplegal.it\/index.php\/wp-json\/wp\/v2\/pages\/20\/revisions\/220"}],"wp:featuredmedia":[{"embeddable":true,"href":"https:\/\/www.uplegal.it\/index.php\/wp-json\/wp\/v2\/media\/205"}],"wp:attachment":[{"href":"https:\/\/www.uplegal.it\/index.php\/wp-json\/wp\/v2\/media?parent=20"}],"curies":[{"name":"wp","href":"https:\/\/api.w.org\/{rel}","templated":true}]}}