{"id":80,"date":"2022-08-24T09:35:05","date_gmt":"2022-08-24T09:35:05","guid":{"rendered":"https:\/\/www.uplegal.it\/?page_id=80"},"modified":"2023-03-10T11:03:39","modified_gmt":"2023-03-10T11:03:39","slug":"privacy-cookie-policy","status":"publish","type":"page","link":"https:\/\/www.uplegal.it\/index.php\/privacy-cookie-policy\/","title":{"rendered":"Privacy &#038; Cookie Policy"},"content":{"rendered":"[vc_row][vc_column][vc_column_text css=&#8221;.vc_custom_1678446222054{margin-bottom: 0px !important;}&#8221;]\n<h3 id=\"owner_of_the_data\" data-fontsize=\"26\" data-lineheight=\"27\">PRIVACY \u2013 INFORMATIVA AI SENSI DEL REGOLAMENTO UE 2016\/679 (\u201cGDPR\u201d)<\/h3>\n<p data-fontsize=\"26\" data-lineheight=\"27\">In questo documento si descrivono le modalit\u00e0 di gestione del sito in riferimento al trattamento dei dati personali degli utenti che lo consultano. Si tratta di un\u2019informativa che \u00e8 resa anche ai sensi del Regolamento UE 2016\/679 (\u201cGDPR\u201d) a coloro che interagiscono con i servizi web accessibili per via telematica a partire dall\u2019indirizzo: www.uplegal.it. L\u2019informativa \u00e8 resa solo per il sito www.uplegal.it e non anche per altri siti web eventualmente consultati dall\u2019utente tramite link.<\/p>\n<p data-fontsize=\"26\" data-lineheight=\"27\"><strong>IL \u201cTITOLARE\u201d e \u201cRESPONSABILE\u201d DEL TRATTAMENTO<\/strong><br \/>\nA seguito della consultazione di questo sito possono essere trattati dati relativi a persone identificate o identificabili. Il \u201ctitolare\u201d e \u201cresponsabile\u201d del loro trattamento \u00e8<\/p>\n<p data-fontsize=\"26\" data-lineheight=\"27\">UP Legal &#8211; Via Cristoforo Colombo, 177 00147 Roma<\/p>\n<p data-fontsize=\"26\" data-lineheight=\"27\"><strong>RACCOLTA DATI<\/strong><br \/>\n<strong>Raccolta dati tecnici<\/strong><\/p>\n<p data-fontsize=\"26\" data-lineheight=\"27\">I sistemi informatici e le procedure software preposte al funzionamento di questo sito web acquisiscono, nel corso del loro normale esercizio, alcuni dati personali la cui trasmissione \u00e8 implicita nell\u2019uso dei protocolli di comunicazione di Internet. Si tratta di informazioni che non sono raccolte per essere associate a interessati identificati, ma che per loro stessa natura potrebbero, attraverso elaborazioni ed associazioni con dati detenuti da terzi, permettere di identificare gli utenti.<\/p>\n<p data-fontsize=\"26\" data-lineheight=\"27\">In questa categoria di dati rientrano gli indirizzi IP o i nomi a dominio dei computer utilizzati dagli utenti che si connettono al sito, gli indirizzi in notazione URI (Uniform Resource Identifier) delle risorse richieste, l\u2019orario della richiesta, il metodo utilizzato nel sottoporre la richiesta al server, la dimensione del file ottenuto in risposta, il codice numerico indicante lo stato della risposta data dal server (buon fine, errore, ecc.) ed altri parametri relativi al sistema operativo e all\u2019ambiente informatico dell\u2019utente.<\/p>\n<p data-fontsize=\"26\" data-lineheight=\"27\">Finalit\u00e0 del trattamento:<br \/>\nQuesti dati vengono utilizzati al solo fine di ricavare informazioni statistiche anonime sull\u2019uso del sito e per controllarne il corretto funzionamento e vengono cancellati immediatamente dopo l\u2019elaborazione. I dati potrebbero essere utilizzati per l\u2019accertamento di responsabilit\u00e0 in caso di ipotetici reati informatici ai danni del sito.<\/p>\n<p data-fontsize=\"26\" data-lineheight=\"27\">Dati forniti volontariamente dall\u2019utente o attraverso moduli<br \/>\nL\u2019invio facoltativo, esplicito e volontario di posta elettronica agli indirizzi indicati su questo sito comporta la successiva acquisizione dell\u2019indirizzo del mittente, necessario per rispondere alle richieste, nonch\u00e9 degli eventuali altri dati personali inseriti nei moduli.<\/p>\n<p data-fontsize=\"26\" data-lineheight=\"27\">Finalit\u00e0 del trattamento:<br \/>\nQuesti dati vengono trattati esclusivamente per la gestione della sua richiesta e per le pratiche previste dalla legge vigente.Alcuni dati, richiesti attraverso apposito modulo, sono indispensabili per dare avvio alla richiesta stessa e per le pratiche previste dalla legge. In questo caso il conferimento dei dati personali \u00e8 obbligatorio esclusivamente per i trattamenti necessari<br \/>\nall\u2019erogazione dei servizi offerti da UP Legal. Si informa altres\u00ec che i dati da Lei forniti non verranno trasmessi n\u00e9 divulgati a soggetti terzi, privati o pubblici, se non in forma aggregata e anonima o in caso di provvedimento dell\u2019Autorit\u00e0 Giudiziaria, salvo i casi elencati nei punti sopra e previo consenso.<br \/>\nConsenso facoltativo:<br \/>\nL\u2019eventuale rifiuto da parte Sua di fornire tali dati comporta l\u2019impossibilit\u00e0 da parte nostra di dare seguito alla richiesta stessa.<\/p>\n<p data-fontsize=\"26\" data-lineheight=\"27\"><strong>Cookies<\/strong><br \/>\nNessun dato personale degli utenti viene in proposito acquisito dal sito. Per ulteriori informazioni sull\u2019utilizzo dei cookies si fa riferimento alla pagina dedicata sul sito.<\/p>\n<p data-fontsize=\"26\" data-lineheight=\"27\"><strong>FACOLTATIVITA\u2019 DEL CONFERIMENTO DEI DATI<\/strong><br \/>\nA parte quanto specificato per i dati di navigazione, l\u2019utente \u00e8 libero di fornire i dati personali riportati nei moduli di richiesta o comunque indicati in contatti con l\u2019Ufficio per sollecitare l\u2019invio di informazioni, newsletter, materiale informativo o di altre comunicazioni. Il loro mancato conferimento pu\u00f2 comportare l\u2019impossibilit\u00e0 di ottenere quanto richiesto.<\/p>\n<p data-fontsize=\"26\" data-lineheight=\"27\"><strong>MODALITA\u2019 DEL TRATTAMENTO DEI DATI<\/strong><br \/>\nModalit\u00e0 di trattamento<br \/>\nIl titolare tratta i dati personali degli utenti adottando le opportune misure di sicurezza volte a impedire l\u2019accesso, la divulgazione, la modifica o la distruzione non autorizzate dei dati personali. Il trattamento viene effettuato mediante strumenti informatici e\/o telematici, con modalit\u00e0 organizzative e con logiche strettamente correlate alle finalit\u00e0 indicate. Oltre al titolare, in alcuni casi, potrebbero avere accesso ai dati categorie di incaricati coinvolti nell\u2019organizzazione del sito (personale amministrativo, commerciale, marketing, legali, amministratori di sistema) ovvero soggetti esterni (come fornitori di servizi tecnici terzi, corrieri postali, hosting provider, societ\u00e0 informatiche, agenzie di comunicazione) nominati anche, se necessario, responsabili del trattamento da parte del titolare. L\u2019elenco aggiornato dei Responsabili potr\u00e0 sempre essere richiesto al titolare del trattamento.<\/p>\n<p data-fontsize=\"26\" data-lineheight=\"27\"><strong>Luogo<\/strong><br \/>\nI trattamenti connessi ai servizi web di questo sito hanno luogo presso la predetta sede e presso la sede del service provider del sito e sono curati solo dal personale dell\u2019azienda, oppure da eventuali incaricati di occasionali operazioni di manutenzione. I dati non sono trasferiti in paesi esterni alla UE. Per ulteriori informazioni contatta il Titolare.<\/p>\n<p data-fontsize=\"26\" data-lineheight=\"27\"><strong>Tempi<\/strong><br \/>\nI dati sono trattati per il tempo necessario allo svolgimento del servizio richiesto dall\u2019Utente o richiesto dalle finalit\u00e0 descritte in questo documento e l\u2019Utente pu\u00f2 sempre chiedere l\u2019interruzione del Trattamento o la cancellazione dei dati, in forma automatica nelle comunicazioni che riceve, inviando una mail in risposta o contattando il Titolare.<\/p>\n<p data-fontsize=\"26\" data-lineheight=\"27\"><strong>Protezione dei dati<\/strong><br \/>\nPer l\u2019accesso agli strumenti informatici utilizzati durante la raccolta, consultazione ed archiviazione dei dati, il titolare e responsabile del trattamento ha messo in atto tutte le misure tecniche e organizzative necessarie per garantire un adeguato livello di sicurezza, evitando la possibilit\u00e0 di divulgazione non autorizzata ed assicurando cos\u00ec la riservatezza, l\u2019integrit\u00e0, la disponibilit\u00e0 dei dati oltrech\u00e8, in caso di incidente fisico o tecnico, per assicurare la capacit\u00e0 di ripristino dei dati stessi in tempi brevi.<\/p>\n<p data-fontsize=\"26\" data-lineheight=\"27\"><strong>DIRITTI DEGLI INTERESSATI<\/strong><br \/>\nI Suoi dati personali non saranno oggetto di diffusione e le \u00e8 riconosciuto l\u2019esercizio dei diritti di cui agli artt. 11-20 del Regolamento europeo n. 679\/2016 scrivendo a:<\/p>\n<p data-fontsize=\"26\" data-lineheight=\"27\">UP Legal &#8211; Via Cristoforo Colombo, 177 00147 Roma<br \/>\nO via e-mail, all\u2019indirizzo:\u00a0info@uplegal.it<\/p>\n<p data-fontsize=\"26\" data-lineheight=\"27\"><em>Data: 15 Settembre 2022<\/em><\/p>\n[\/vc_column_text][\/vc_column][\/vc_row]\n","protected":false},"excerpt":{"rendered":"<p>[vc_row][vc_column][vc_column_text css=&#8221;.vc_custom_1678446222054{margin-bottom: 0px !important;}&#8221;] PRIVACY \u2013 INFORMATIVA AI SENSI DEL REGOLAMENTO UE 2016\/679 (\u201cGDPR\u201d) In questo documento si descrivono le modalit\u00e0 di gestione del sito in riferimento al trattamento dei dati personali degli utenti che lo consultano. Si tratta di un\u2019informativa che \u00e8 resa anche ai sensi del Regolamento UE 2016\/679 (\u201cGDPR\u201d) a coloro che [&hellip;]<\/p>\n","protected":false},"author":1,"featured_media":0,"parent":0,"menu_order":0,"comment_status":"closed","ping_status":"closed","template":"","meta":{"footnotes":""},"class_list":["post-80","page","type-page","status-publish","hentry"],"yoast_head":"<!-- This site is optimized with the Yoast SEO plugin v20.7 - https:\/\/yoast.com\/wordpress\/plugins\/seo\/ -->\n<title>Privacy &amp; Cookie Policy - UP LEGAL<\/title>\n<meta name=\"robots\" content=\"index, follow, max-snippet:-1, max-image-preview:large, max-video-preview:-1\" \/>\n<link rel=\"canonical\" href=\"https:\/\/www.uplegal.it\/index.php\/privacy-cookie-policy\/\" \/>\n<meta property=\"og:locale\" content=\"it_IT\" \/>\n<meta property=\"og:type\" content=\"article\" \/>\n<meta property=\"og:title\" content=\"Privacy &amp; Cookie Policy - UP LEGAL\" \/>\n<meta property=\"og:description\" content=\"[vc_row][vc_column][vc_column_text css=&#8221;.vc_custom_1678446222054{margin-bottom: 0px !important;}&#8221;] PRIVACY \u2013 INFORMATIVA AI SENSI DEL REGOLAMENTO UE 2016\/679 (\u201cGDPR\u201d) In questo documento si descrivono le modalit\u00e0 di gestione del sito in riferimento al trattamento dei dati personali degli utenti che lo consultano. Si tratta di un\u2019informativa che \u00e8 resa anche ai sensi del Regolamento UE 2016\/679 (\u201cGDPR\u201d) a coloro che [&hellip;]\" \/>\n<meta property=\"og:url\" content=\"https:\/\/www.uplegal.it\/index.php\/privacy-cookie-policy\/\" \/>\n<meta property=\"og:site_name\" content=\"UP LEGAL\" \/>\n<meta property=\"article:modified_time\" content=\"2023-03-10T11:03:39+00:00\" \/>\n<meta name=\"twitter:card\" content=\"summary_large_image\" \/>\n<meta name=\"twitter:label1\" content=\"Tempo di lettura stimato\" \/>\n\t<meta name=\"twitter:data1\" content=\"6 minuti\" \/>\n<script type=\"application\/ld+json\" class=\"yoast-schema-graph\">{\"@context\":\"https:\/\/schema.org\",\"@graph\":[{\"@type\":\"WebPage\",\"@id\":\"https:\/\/www.uplegal.it\/index.php\/privacy-cookie-policy\/\",\"url\":\"https:\/\/www.uplegal.it\/index.php\/privacy-cookie-policy\/\",\"name\":\"Privacy & Cookie Policy - UP LEGAL\",\"isPartOf\":{\"@id\":\"https:\/\/www.uplegal.it\/#website\"},\"datePublished\":\"2022-08-24T09:35:05+00:00\",\"dateModified\":\"2023-03-10T11:03:39+00:00\",\"breadcrumb\":{\"@id\":\"https:\/\/www.uplegal.it\/index.php\/privacy-cookie-policy\/#breadcrumb\"},\"inLanguage\":\"it-IT\",\"potentialAction\":[{\"@type\":\"ReadAction\",\"target\":[\"https:\/\/www.uplegal.it\/index.php\/privacy-cookie-policy\/\"]}]},{\"@type\":\"BreadcrumbList\",\"@id\":\"https:\/\/www.uplegal.it\/index.php\/privacy-cookie-policy\/#breadcrumb\",\"itemListElement\":[{\"@type\":\"ListItem\",\"position\":1,\"name\":\"Home\",\"item\":\"https:\/\/www.uplegal.it\/\"},{\"@type\":\"ListItem\",\"position\":2,\"name\":\"Privacy &#038; Cookie Policy\"}]},{\"@type\":\"WebSite\",\"@id\":\"https:\/\/www.uplegal.it\/#website\",\"url\":\"https:\/\/www.uplegal.it\/\",\"name\":\"UP LEGAL\",\"description\":\"gestione, anche stragiudiziale, del recupero massivo del credito e nel contenzioso immobiliare, bancario e concorsuale\",\"publisher\":{\"@id\":\"https:\/\/www.uplegal.it\/#organization\"},\"potentialAction\":[{\"@type\":\"SearchAction\",\"target\":{\"@type\":\"EntryPoint\",\"urlTemplate\":\"https:\/\/www.uplegal.it\/?s={search_term_string}\"},\"query-input\":\"required name=search_term_string\"}],\"inLanguage\":\"it-IT\"},{\"@type\":\"Organization\",\"@id\":\"https:\/\/www.uplegal.it\/#organization\",\"name\":\"Uplegal\",\"url\":\"https:\/\/www.uplegal.it\/\",\"logo\":{\"@type\":\"ImageObject\",\"inLanguage\":\"it-IT\",\"@id\":\"https:\/\/www.uplegal.it\/#\/schema\/logo\/image\/\",\"url\":\"https:\/\/www.uplegal.it\/wp-content\/uploads\/2022\/08\/logo-up-legal-sito.png\",\"contentUrl\":\"https:\/\/www.uplegal.it\/wp-content\/uploads\/2022\/08\/logo-up-legal-sito.png\",\"width\":202,\"height\":125,\"caption\":\"Uplegal\"},\"image\":{\"@id\":\"https:\/\/www.uplegal.it\/#\/schema\/logo\/image\/\"}}]}<\/script>\n<!-- \/ Yoast SEO plugin. -->","yoast_head_json":{"title":"Privacy & Cookie Policy - UP LEGAL","robots":{"index":"index","follow":"follow","max-snippet":"max-snippet:-1","max-image-preview":"max-image-preview:large","max-video-preview":"max-video-preview:-1"},"canonical":"https:\/\/www.uplegal.it\/index.php\/privacy-cookie-policy\/","og_locale":"it_IT","og_type":"article","og_title":"Privacy & Cookie Policy - UP LEGAL","og_description":"[vc_row][vc_column][vc_column_text css=&#8221;.vc_custom_1678446222054{margin-bottom: 0px !important;}&#8221;] PRIVACY \u2013 INFORMATIVA AI SENSI DEL REGOLAMENTO UE 2016\/679 (\u201cGDPR\u201d) In questo documento si descrivono le modalit\u00e0 di gestione del sito in riferimento al trattamento dei dati personali degli utenti che lo consultano. Si tratta di un\u2019informativa che \u00e8 resa anche ai sensi del Regolamento UE 2016\/679 (\u201cGDPR\u201d) a coloro che [&hellip;]","og_url":"https:\/\/www.uplegal.it\/index.php\/privacy-cookie-policy\/","og_site_name":"UP LEGAL","article_modified_time":"2023-03-10T11:03:39+00:00","twitter_card":"summary_large_image","twitter_misc":{"Tempo di lettura stimato":"6 minuti"},"schema":{"@context":"https:\/\/schema.org","@graph":[{"@type":"WebPage","@id":"https:\/\/www.uplegal.it\/index.php\/privacy-cookie-policy\/","url":"https:\/\/www.uplegal.it\/index.php\/privacy-cookie-policy\/","name":"Privacy & Cookie Policy - UP LEGAL","isPartOf":{"@id":"https:\/\/www.uplegal.it\/#website"},"datePublished":"2022-08-24T09:35:05+00:00","dateModified":"2023-03-10T11:03:39+00:00","breadcrumb":{"@id":"https:\/\/www.uplegal.it\/index.php\/privacy-cookie-policy\/#breadcrumb"},"inLanguage":"it-IT","potentialAction":[{"@type":"ReadAction","target":["https:\/\/www.uplegal.it\/index.php\/privacy-cookie-policy\/"]}]},{"@type":"BreadcrumbList","@id":"https:\/\/www.uplegal.it\/index.php\/privacy-cookie-policy\/#breadcrumb","itemListElement":[{"@type":"ListItem","position":1,"name":"Home","item":"https:\/\/www.uplegal.it\/"},{"@type":"ListItem","position":2,"name":"Privacy &#038; Cookie Policy"}]},{"@type":"WebSite","@id":"https:\/\/www.uplegal.it\/#website","url":"https:\/\/www.uplegal.it\/","name":"UP LEGAL","description":"gestione, anche stragiudiziale, del recupero massivo del credito e nel contenzioso immobiliare, bancario e concorsuale","publisher":{"@id":"https:\/\/www.uplegal.it\/#organization"},"potentialAction":[{"@type":"SearchAction","target":{"@type":"EntryPoint","urlTemplate":"https:\/\/www.uplegal.it\/?s={search_term_string}"},"query-input":"required name=search_term_string"}],"inLanguage":"it-IT"},{"@type":"Organization","@id":"https:\/\/www.uplegal.it\/#organization","name":"Uplegal","url":"https:\/\/www.uplegal.it\/","logo":{"@type":"ImageObject","inLanguage":"it-IT","@id":"https:\/\/www.uplegal.it\/#\/schema\/logo\/image\/","url":"https:\/\/www.uplegal.it\/wp-content\/uploads\/2022\/08\/logo-up-legal-sito.png","contentUrl":"https:\/\/www.uplegal.it\/wp-content\/uploads\/2022\/08\/logo-up-legal-sito.png","width":202,"height":125,"caption":"Uplegal"},"image":{"@id":"https:\/\/www.uplegal.it\/#\/schema\/logo\/image\/"}}]}},"_links":{"self":[{"href":"https:\/\/www.uplegal.it\/index.php\/wp-json\/wp\/v2\/pages\/80","targetHints":{"allow":["GET"]}}],"collection":[{"href":"https:\/\/www.uplegal.it\/index.php\/wp-json\/wp\/v2\/pages"}],"about":[{"href":"https:\/\/www.uplegal.it\/index.php\/wp-json\/wp\/v2\/types\/page"}],"author":[{"embeddable":true,"href":"https:\/\/www.uplegal.it\/index.php\/wp-json\/wp\/v2\/users\/1"}],"replies":[{"embeddable":true,"href":"https:\/\/www.uplegal.it\/index.php\/wp-json\/wp\/v2\/comments?post=80"}],"version-history":[{"count":5,"href":"https:\/\/www.uplegal.it\/index.php\/wp-json\/wp\/v2\/pages\/80\/revisions"}],"predecessor-version":[{"id":231,"href":"https:\/\/www.uplegal.it\/index.php\/wp-json\/wp\/v2\/pages\/80\/revisions\/231"}],"wp:attachment":[{"href":"https:\/\/www.uplegal.it\/index.php\/wp-json\/wp\/v2\/media?parent=80"}],"curies":[{"name":"wp","href":"https:\/\/api.w.org\/{rel}","templated":true}]}}